{"id":169,"date":"2021-10-08T13:02:41","date_gmt":"2021-10-08T11:02:41","guid":{"rendered":"http:\/\/petitchalet.mkrieg.fr\/?page_id=169"},"modified":"2021-10-12T22:44:37","modified_gmt":"2021-10-12T20:44:37","slug":"ballades-tranquilles","status":"publish","type":"page","link":"http:\/\/petitchalet.mkrieg.fr\/index.php\/ballades-tranquilles\/","title":{"rendered":"Ballades"},"content":{"rendered":"\n<div class=\"wp-block-columns is-layout-flex wp-container-core-columns-is-layout-9d6595d7 wp-block-columns-is-layout-flex\">\n<div class=\"wp-block-column is-layout-flow wp-block-column-is-layout-flow\" style=\"flex-basis:100%\">\n<ul class=\"wp-block-list\"><li><strong>Sur les bord du Fier &#8211; Dingy st Clair (14km A\/R &#8211; D+ 50m)<\/strong> <a href=\"https:\/\/www.google.fr\/maps\/dir\/1288+Route+de+Th%C3%B4nes,+Dingy-Saint-Clair\/45.9022168,6.2219416\/@45.9021143,6.2219824,16z\/data=!4m9!4m8!1m5!1m1!1s0x478b8d9525cd42b3:0x83819dd232c104a5!2m2!1d6.2327827!2d45.9036131!1m0!3e0\"><img loading=\"lazy\" decoding=\"async\" width=\"50\" height=\"30\" class=\"wp-image-55\" style=\"width: 50px;\" src=\"http:\/\/petitchalet.mkrieg.fr\/wp-content\/uploads\/2021\/09\/iti.png\" alt=\"\"><\/a><\/li><\/ul>\n\n\n\n<div class=\"wp-block-media-text alignwide is-stacked-on-mobile has-background\" style=\"background-color:#dbebe5;grid-template-columns:21% auto\"><figure class=\"wp-block-media-text__media\"><a href=\"http:\/\/petitchalet.mkrieg.fr\/wp-content\/uploads\/2021\/09\/sentierdingy.png\"><img loading=\"lazy\" decoding=\"async\" width=\"1024\" height=\"672\" src=\"http:\/\/petitchalet.mkrieg.fr\/wp-content\/uploads\/2021\/10\/plainefier-1024x672.png\" alt=\"\" class=\"wp-image-312 size-full\" srcset=\"http:\/\/petitchalet.mkrieg.fr\/wp-content\/uploads\/2021\/10\/plainefier-1024x672.png 1024w, http:\/\/petitchalet.mkrieg.fr\/wp-content\/uploads\/2021\/10\/plainefier-300x197.png 300w, http:\/\/petitchalet.mkrieg.fr\/wp-content\/uploads\/2021\/10\/plainefier-768x504.png 768w, http:\/\/petitchalet.mkrieg.fr\/wp-content\/uploads\/2021\/10\/plainefier.png 1150w\" sizes=\"auto, (max-width: 1024px) 100vw, 1024px\" \/><\/a><\/figure><div class=\"wp-block-media-text__content\">\n<p class=\"has-regular-font-size\">Traversant un Espace Naturel Sensible prot\u00e9g\u00e9, cette promenade sous les arbres sera id\u00e9ale pour vous ressourcer au bord de l\u2019eau tout au long de l\u2019ann\u00e9e : \u00e0 l\u2019ombre l\u2019\u00e9t\u00e9, sur un tapis rouge \u00e0 l\u2019automne, recouverte d\u2019un manteau blanc l\u2019hiver et au r\u00e9veil de la nature au printemps.<\/p>\n\n\n\n<p><strong>Le petit + :<\/strong><br>Tout de suite au d\u00e9part de la Plaine du Fier du c\u00f4t\u00e9 de Dingy-Saint-Clair, vous pourrez retrouver un agr\u00e8s de fitness ext\u00e9rieur ainsi qu\u2019un parcours sant\u00e9 avec toutes sortes de barres et d\u2019exercices de sport. Parfait pour une petite s\u00e9ance de sport en pleine nature.<\/p>\n\n\n\n<div class=\"wp-block-image\"><figure class=\"alignleft size-full is-resized\"><a href=\"http:\/\/petitchalet.mkrieg.fr\/wp-content\/uploads\/2021\/09\/muscu.png\"><img loading=\"lazy\" decoding=\"async\" src=\"http:\/\/petitchalet.mkrieg.fr\/wp-content\/uploads\/2021\/09\/muscu-150x150-1.png\" alt=\"\" class=\"wp-image-61\" width=\"123\" height=\"123\"\/><\/a><\/figure><\/div>\n\n\n\n<div class=\"wp-block-image\"><figure class=\"alignleft size-full is-resized\"><a href=\"http:\/\/petitchalet.mkrieg.fr\/wp-content\/uploads\/2021\/09\/parcourssanter.png\"><img loading=\"lazy\" decoding=\"async\" src=\"http:\/\/petitchalet.mkrieg.fr\/wp-content\/uploads\/2021\/09\/parcourssanter-150x150-1.png\" alt=\"\" class=\"wp-image-66\" width=\"156\" height=\"156\"\/><\/a><\/figure><\/div>\n<\/div><\/div>\n\n\n\n<ul class=\"wp-block-list\"><li><strong>Circuit des cascades &#8211; la Balme de Thuy (boucle 2.7km &#8211; D+230m)<\/strong> <a href=\"http:\/\/petitchalet.mkrieg.fr\/wp-content\/uploads\/2021\/10\/cascadeplan.png\"><img loading=\"lazy\" decoding=\"async\" width=\"40\" height=\"31\" class=\"wp-image-316\" style=\"width: 40px;\" src=\"http:\/\/petitchalet.mkrieg.fr\/wp-content\/uploads\/2021\/10\/cascadeplan.png\" alt=\"\" srcset=\"http:\/\/petitchalet.mkrieg.fr\/wp-content\/uploads\/2021\/10\/cascadeplan.png 745w, http:\/\/petitchalet.mkrieg.fr\/wp-content\/uploads\/2021\/10\/cascadeplan-300x230.png 300w\" sizes=\"auto, (max-width: 40px) 100vw, 40px\" \/><\/a>  <a href=\"https:\/\/www.google.fr\/maps\/dir\/1288+Route+de+Th%C3%B4nes,+Dingy-Saint-Clair\/45.9006702,6.2886365\/@45.900312,6.2449173,13.75z\/data=!4m9!4m8!1m5!1m1!1s0x478b8d9525cd42b3:0x83819dd232c104a5!2m2!1d6.2327827!2d45.9036131!1m0!3e0\"><img loading=\"lazy\" decoding=\"async\" width=\"50\" height=\"30\" class=\"wp-image-55\" style=\"width: 50px;\" src=\"http:\/\/petitchalet.mkrieg.fr\/wp-content\/uploads\/2021\/09\/iti.png\" alt=\"\"><\/a><\/li><\/ul>\n\n\n\n<div class=\"wp-block-media-text alignwide is-stacked-on-mobile has-background\" style=\"background-color:#dbebe5;grid-template-columns:25% auto\"><figure class=\"wp-block-media-text__media\"><img loading=\"lazy\" decoding=\"async\" width=\"837\" height=\"632\" src=\"http:\/\/petitchalet.mkrieg.fr\/wp-content\/uploads\/2021\/10\/cascade.png\" alt=\"\" class=\"wp-image-315 size-full\" srcset=\"http:\/\/petitchalet.mkrieg.fr\/wp-content\/uploads\/2021\/10\/cascade.png 837w, http:\/\/petitchalet.mkrieg.fr\/wp-content\/uploads\/2021\/10\/cascade-300x227.png 300w, http:\/\/petitchalet.mkrieg.fr\/wp-content\/uploads\/2021\/10\/cascade-768x580.png 768w\" sizes=\"auto, (max-width: 837px) 100vw, 837px\" \/><\/figure><div class=\"wp-block-media-text__content\">\n<p class=\"has-regular-font-size\">Le circuit des cascades est un sentier qui conduit \u00e0 la magnifique cascade de la Balme de Thuy pr\u00e9s d\u2019Annecy. Il fut utilis\u00e9 par les Maquisards (groupe de r\u00e9sistants cach\u00e9s dans les montagnes) pendant la seconde guerre mondiale.<\/p>\n\n\n\n<div class=\"wp-block-image\"><figure class=\"aligncenter size-full is-resized\"><a href=\"http:\/\/petitchalet.mkrieg.fr\/wp-content\/uploads\/2021\/10\/cascade2.png\"><img loading=\"lazy\" decoding=\"async\" src=\"http:\/\/petitchalet.mkrieg.fr\/wp-content\/uploads\/2021\/10\/cascade2.png\" alt=\"\" class=\"wp-image-317\" width=\"89\" height=\"129\" srcset=\"http:\/\/petitchalet.mkrieg.fr\/wp-content\/uploads\/2021\/10\/cascade2.png 393w, http:\/\/petitchalet.mkrieg.fr\/wp-content\/uploads\/2021\/10\/cascade2-207x300.png 207w\" sizes=\"auto, (max-width: 89px) 100vw, 89px\" \/><\/a><\/figure><\/div>\n<\/div><\/div>\n\n\n\n<ul class=\"wp-block-list\"><li><strong>Boucle du Ch\u00e2teau de Menthon Saint Bernard (boucle 5km &#8211; D+260m)<\/strong> <a href=\"http:\/\/petitchalet.mkrieg.fr\/wp-content\/uploads\/2021\/10\/chateauboucleplan.png\"><img loading=\"lazy\" decoding=\"async\" width=\"40\" height=\"28\" class=\"wp-image-321\" style=\"width: 40px;\" src=\"http:\/\/petitchalet.mkrieg.fr\/wp-content\/uploads\/2021\/10\/chateauboucleplan.png\" alt=\"\" srcset=\"http:\/\/petitchalet.mkrieg.fr\/wp-content\/uploads\/2021\/10\/chateauboucleplan.png 451w, http:\/\/petitchalet.mkrieg.fr\/wp-content\/uploads\/2021\/10\/chateauboucleplan-300x214.png 300w\" sizes=\"auto, (max-width: 40px) 100vw, 40px\" \/><\/a>  <a href=\"https:\/\/www.google.fr\/maps\/dir\/1288+Route+de+Th%C3%B4nes,+Dingy-Saint-Clair\/Golf+du+Lac+d'Annecy,+280+Rte+du+Golf,+74290+Talloires-Montmin\/@45.867024,6.2007738,13z\/data=!4m14!4m13!1m5!1m1!1s0x478b8d9525cd42b3:0x83819dd232c104a5!2m2!1d6.2327827!2d45.9036131!1m5!1m1!1s0x478b917ff8b6b505:0x75c81f964e9a4d92!2m2!1d6.2024397!2d45.8503112!3e0\"><img loading=\"lazy\" decoding=\"async\" width=\"50\" height=\"30\" class=\"wp-image-55\" style=\"width: 50px;\" src=\"http:\/\/petitchalet.mkrieg.fr\/wp-content\/uploads\/2021\/09\/iti.png\" alt=\"\"><\/a><\/li><\/ul>\n\n\n\n<div class=\"wp-block-media-text alignwide is-stacked-on-mobile has-background\" style=\"background-color:#dbebe5;grid-template-columns:25% auto\"><figure class=\"wp-block-media-text__media\"><img loading=\"lazy\" decoding=\"async\" width=\"337\" height=\"239\" src=\"http:\/\/petitchalet.mkrieg.fr\/wp-content\/uploads\/2021\/10\/chateauboucle-1.png\" alt=\"\" class=\"wp-image-324 size-full\" srcset=\"http:\/\/petitchalet.mkrieg.fr\/wp-content\/uploads\/2021\/10\/chateauboucle-1.png 337w, http:\/\/petitchalet.mkrieg.fr\/wp-content\/uploads\/2021\/10\/chateauboucle-1-300x213.png 300w\" sizes=\"auto, (max-width: 337px) 100vw, 337px\" \/><\/figure><div class=\"wp-block-media-text__content\">\n<p class=\"has-regular-font-size\">Cette jolie randonn\u00e9e offre un tour sympathique dans un havre de silence alternant vue imprenable sur le lac ainsi que sur le Chateau de Menthon St Bernard.<\/p>\n\n\n\n<p>Profitez-en pour visiter le ch\u00e2teau : ses tours particuli\u00e8res lui conf\u00e8rent une allure \u00e0 la Walt Disney&#8230;<\/p>\n\n\n\n<div class=\"wp-block-image\"><figure class=\"aligncenter size-full is-resized\"><a href=\"http:\/\/petitchalet.mkrieg.fr\/wp-content\/uploads\/2021\/09\/chateaumenthon.png\"><img loading=\"lazy\" decoding=\"async\" src=\"http:\/\/petitchalet.mkrieg.fr\/wp-content\/uploads\/2021\/09\/chateaumenthon.png\" alt=\"\" class=\"wp-image-45\" width=\"177\" height=\"132\" srcset=\"http:\/\/petitchalet.mkrieg.fr\/wp-content\/uploads\/2021\/09\/chateaumenthon.png 475w, http:\/\/petitchalet.mkrieg.fr\/wp-content\/uploads\/2021\/09\/chateaumenthon-300x224.png 300w\" sizes=\"auto, (max-width: 177px) 100vw, 177px\" \/><\/a><figcaption> <a href=\"https:\/\/www.savoie-mont-blanc.com\/offre\/fiche\/chateau-de-menthon-saint-bernard\/47260\">Lien vers le Ch\u00e2teau de Menthon St Bernard<\/a> <\/figcaption><\/figure><\/div>\n<\/div><\/div>\n<\/div>\n<\/div>\n","protected":false},"excerpt":{"rendered":"<p>Sur les bord du Fier &#8211; Dingy st Clair (14km A\/R &#8211; D+ 50m) Traversant un Espace Naturel Sensible prot\u00e9g\u00e9, cette promenade sous les arbres sera id\u00e9ale pour vous ressourcer au bord de l\u2019eau tout au long de l\u2019ann\u00e9e : \u00e0 l\u2019ombre l\u2019\u00e9t\u00e9, sur un tapis rouge \u00e0 l\u2019automne, recouverte d\u2019un manteau blanc l\u2019hiver et &hellip; <\/p>\n<p><a class=\"more-link btn\" href=\"http:\/\/petitchalet.mkrieg.fr\/index.php\/ballades-tranquilles\/\">Lire la suite<\/a><\/p>\n","protected":false},"author":1,"featured_media":0,"parent":0,"menu_order":0,"comment_status":"closed","ping_status":"closed","template":"","meta":{"footnotes":""},"class_list":["post-169","page","type-page","status-publish","hentry","nodate","item-wrap"],"_links":{"self":[{"href":"http:\/\/petitchalet.mkrieg.fr\/index.php\/wp-json\/wp\/v2\/pages\/169","targetHints":{"allow":["GET"]}}],"collection":[{"href":"http:\/\/petitchalet.mkrieg.fr\/index.php\/wp-json\/wp\/v2\/pages"}],"about":[{"href":"http:\/\/petitchalet.mkrieg.fr\/index.php\/wp-json\/wp\/v2\/types\/page"}],"author":[{"embeddable":true,"href":"http:\/\/petitchalet.mkrieg.fr\/index.php\/wp-json\/wp\/v2\/users\/1"}],"replies":[{"embeddable":true,"href":"http:\/\/petitchalet.mkrieg.fr\/index.php\/wp-json\/wp\/v2\/comments?post=169"}],"version-history":[{"count":15,"href":"http:\/\/petitchalet.mkrieg.fr\/index.php\/wp-json\/wp\/v2\/pages\/169\/revisions"}],"predecessor-version":[{"id":392,"href":"http:\/\/petitchalet.mkrieg.fr\/index.php\/wp-json\/wp\/v2\/pages\/169\/revisions\/392"}],"wp:attachment":[{"href":"http:\/\/petitchalet.mkrieg.fr\/index.php\/wp-json\/wp\/v2\/media?parent=169"}],"curies":[{"name":"wp","href":"https:\/\/api.w.org\/{rel}","templated":true}]}}