{"id":173,"date":"2021-10-08T13:07:35","date_gmt":"2021-10-08T11:07:35","guid":{"rendered":"http:\/\/petitchalet.mkrieg.fr\/?page_id=173"},"modified":"2021-10-12T22:51:17","modified_gmt":"2021-10-12T20:51:17","slug":"randonnees-faciles","status":"publish","type":"page","link":"http:\/\/petitchalet.mkrieg.fr\/index.php\/randonnees-faciles\/","title":{"rendered":"Randonn\u00e9es faciles"},"content":{"rendered":"\n<div class=\"wp-block-columns is-layout-flex wp-container-core-columns-is-layout-9d6595d7 wp-block-columns-is-layout-flex\">\n<div class=\"wp-block-column is-layout-flow wp-block-column-is-layout-flow\">\n<ul class=\"wp-block-list\"><li>Le Roc de Cher &#8211; Talloires <a href=\"http:\/\/petitchalet.mkrieg.fr\/wp-content\/uploads\/2021\/10\/carterocdecher.png\"><img loading=\"lazy\" decoding=\"async\" width=\"40\" height=\"35\" class=\"wp-image-285\" style=\"width: 40px;\" src=\"http:\/\/petitchalet.mkrieg.fr\/wp-content\/uploads\/2021\/10\/carterocdecher.png\" alt=\"\" srcset=\"http:\/\/petitchalet.mkrieg.fr\/wp-content\/uploads\/2021\/10\/carterocdecher.png 538w, http:\/\/petitchalet.mkrieg.fr\/wp-content\/uploads\/2021\/10\/carterocdecher-300x261.png 300w\" sizes=\"auto, (max-width: 40px) 100vw, 40px\" \/><\/a> <a href=\"https:\/\/www.google.fr\/maps\/dir\/1288+Route+de+Th%C3%B4nes,+Dingy-Saint-Clair\/Golf+du+Lac+d'Annecy,+280+Rte+du+Golf,+74290+Talloires-Montmin\/@45.867024,6.2007738,13z\/data=!4m14!4m13!1m5!1m1!1s0x478b8d9525cd42b3:0x83819dd232c104a5!2m2!1d6.2327827!2d45.9036131!1m5!1m1!1s0x478b917ff8b6b505:0x75c81f964e9a4d92!2m2!1d6.2024397!2d45.8503112!3e0\"><img loading=\"lazy\" decoding=\"async\" width=\"50\" height=\"30\" class=\"wp-image-55\" style=\"width: 50px;\" src=\"http:\/\/petitchalet.mkrieg.fr\/wp-content\/uploads\/2021\/09\/iti.png\" alt=\"\"><\/a><\/li><\/ul>\n\n\n\n<div class=\"wp-block-media-text alignwide is-stacked-on-mobile has-background\" style=\"background-color:#e6d4a3;grid-template-columns:15% auto\"><figure class=\"wp-block-media-text__media\"><img loading=\"lazy\" decoding=\"async\" width=\"250\" height=\"249\" src=\"http:\/\/petitchalet.mkrieg.fr\/wp-content\/uploads\/2021\/10\/rocdecher.png\" alt=\"\" class=\"wp-image-284 size-full\" srcset=\"http:\/\/petitchalet.mkrieg.fr\/wp-content\/uploads\/2021\/10\/rocdecher.png 250w, http:\/\/petitchalet.mkrieg.fr\/wp-content\/uploads\/2021\/10\/rocdecher-150x150.png 150w\" sizes=\"auto, (max-width: 250px) 100vw, 250px\" \/><\/figure><div class=\"wp-block-media-text__content\">\n<p>La R\u00e9serve Naturelle du Roc de Ch\u00e8re est un milieu forestier prot\u00e9g\u00e9 de tr\u00e8s grande richesse \u00e9cologique. C&rsquo;est une petite avanc\u00e9e rocheuse au bord du lac sur la rive est, situ\u00e9e sur le territoire de la commune de Talloires. C&rsquo;est un espace prot\u00e9g\u00e9, depuis 1977 d&rsquo;une superficie de 200 ha.<\/p>\n<\/div><\/div>\n\n\n\n<ul class=\"wp-block-list\"><li>Le Chalet Chapuis &#8211; Boucle depuis la Blonni\u00e8re <a href=\"http:\/\/petitchalet.mkrieg.fr\/wp-content\/uploads\/2021\/10\/chaletchapuis.png\"><img loading=\"lazy\" decoding=\"async\" width=\"40\" height=\"41\" class=\"wp-image-286\" style=\"width: 40px;\" src=\"http:\/\/petitchalet.mkrieg.fr\/wp-content\/uploads\/2021\/10\/chaletchapuis.png\" alt=\"\" srcset=\"http:\/\/petitchalet.mkrieg.fr\/wp-content\/uploads\/2021\/10\/chaletchapuis.png 498w, http:\/\/petitchalet.mkrieg.fr\/wp-content\/uploads\/2021\/10\/chaletchapuis-291x300.png 291w, http:\/\/petitchalet.mkrieg.fr\/wp-content\/uploads\/2021\/10\/chaletchapuis-150x150.png 150w\" sizes=\"auto, (max-width: 40px) 100vw, 40px\" \/><\/a> <a href=\"https:\/\/www.google.fr\/maps\/dir\/1288+Route+de+Th%C3%B4nes,+Dingy-Saint-Clair\/Parking+Le+Saugy,+Chemin+Rural+de+la+Blonni%C3%A8re+aux+Sontes,+74230+Dingy-Saint-Clair\/@45.9207342,6.1926096,13z\/data=!3m1!4b1!4m14!4m13!1m5!1m1!1s0x478b8d9525cd42b3:0x83819dd232c104a5!2m2!1d6.2327827!2d45.9036131!1m5!1m1!1s0x478b8c39f5e5a469:0xa0327b9a9fa35f87!2m2!1d6.233323!2d45.9351947!3e0\"><img loading=\"lazy\" decoding=\"async\" width=\"50\" height=\"30\" class=\"wp-image-55\" style=\"width: 50px;\" src=\"http:\/\/petitchalet.mkrieg.fr\/wp-content\/uploads\/2021\/09\/iti.png\" alt=\"\"><\/a><\/li><\/ul>\n\n\n\n<div class=\"wp-block-media-text alignwide is-stacked-on-mobile has-background\" style=\"background-color:#e6d4a3;grid-template-columns:15% auto\"><figure class=\"wp-block-media-text__media\"><img loading=\"lazy\" decoding=\"async\" width=\"673\" height=\"412\" src=\"http:\/\/petitchalet.mkrieg.fr\/wp-content\/uploads\/2021\/10\/chaletchappuis.png\" alt=\"\" class=\"wp-image-287 size-full\" srcset=\"http:\/\/petitchalet.mkrieg.fr\/wp-content\/uploads\/2021\/10\/chaletchappuis.png 673w, http:\/\/petitchalet.mkrieg.fr\/wp-content\/uploads\/2021\/10\/chaletchappuis-300x184.png 300w\" sizes=\"auto, (max-width: 673px) 100vw, 673px\" \/><\/figure><div class=\"wp-block-media-text__content\">\n<p>Un sentier majoritairement en for\u00eat, rafraichissant les jours de fortes chaleurs, des travers\u00e9es de petites rivi\u00e8res \u00e0 la fonte des neiges, un bel alpage au col de Barman \u00e9claircissant le paysage et sous faisant passer \u00e0 c\u00f4t\u00e9 des vaches, une arriv\u00e9e au chalet Chappuis offrant des vues incroyables sur les Bornes et Annecy et son lac pour une pause d\u00e9jeuner avec un panorama spectaculaire.<\/p>\n<\/div><\/div>\n<\/div>\n<\/div>\n\n\n\n<p><\/p>\n","protected":false},"excerpt":{"rendered":"<p>Le Roc de Cher &#8211; Talloires La R\u00e9serve Naturelle du Roc de Ch\u00e8re est un milieu forestier prot\u00e9g\u00e9 de tr\u00e8s grande richesse \u00e9cologique. C&rsquo;est une petite avanc\u00e9e rocheuse au bord du lac sur la rive est, situ\u00e9e sur le territoire de la commune de Talloires. C&rsquo;est un espace prot\u00e9g\u00e9, depuis 1977 d&rsquo;une superficie de 200 &hellip; <\/p>\n<p><a class=\"more-link btn\" href=\"http:\/\/petitchalet.mkrieg.fr\/index.php\/randonnees-faciles\/\">Lire la suite<\/a><\/p>\n","protected":false},"author":1,"featured_media":0,"parent":0,"menu_order":0,"comment_status":"closed","ping_status":"closed","template":"","meta":{"footnotes":""},"class_list":["post-173","page","type-page","status-publish","hentry","nodate","item-wrap"],"_links":{"self":[{"href":"http:\/\/petitchalet.mkrieg.fr\/index.php\/wp-json\/wp\/v2\/pages\/173","targetHints":{"allow":["GET"]}}],"collection":[{"href":"http:\/\/petitchalet.mkrieg.fr\/index.php\/wp-json\/wp\/v2\/pages"}],"about":[{"href":"http:\/\/petitchalet.mkrieg.fr\/index.php\/wp-json\/wp\/v2\/types\/page"}],"author":[{"embeddable":true,"href":"http:\/\/petitchalet.mkrieg.fr\/index.php\/wp-json\/wp\/v2\/users\/1"}],"replies":[{"embeddable":true,"href":"http:\/\/petitchalet.mkrieg.fr\/index.php\/wp-json\/wp\/v2\/comments?post=173"}],"version-history":[{"count":14,"href":"http:\/\/petitchalet.mkrieg.fr\/index.php\/wp-json\/wp\/v2\/pages\/173\/revisions"}],"predecessor-version":[{"id":395,"href":"http:\/\/petitchalet.mkrieg.fr\/index.php\/wp-json\/wp\/v2\/pages\/173\/revisions\/395"}],"wp:attachment":[{"href":"http:\/\/petitchalet.mkrieg.fr\/index.php\/wp-json\/wp\/v2\/media?parent=173"}],"curies":[{"name":"wp","href":"https:\/\/api.w.org\/{rel}","templated":true}]}}