{"id":293,"date":"2021-10-11T17:38:56","date_gmt":"2021-10-11T15:38:56","guid":{"rendered":"http:\/\/petitchalet.mkrieg.fr\/?page_id=293"},"modified":"2021-10-12T22:23:54","modified_gmt":"2021-10-12T20:23:54","slug":"ski-de-fond","status":"publish","type":"page","link":"http:\/\/petitchalet.mkrieg.fr\/index.php\/ski-de-fond\/","title":{"rendered":"Ski de fond"},"content":{"rendered":"\n<div class=\"wp-block-columns is-layout-flex wp-container-core-columns-is-layout-9d6595d7 wp-block-columns-is-layout-flex\">\n<div class=\"wp-block-column is-layout-flow wp-block-column-is-layout-flow\">\n<ul class=\"wp-block-list\"><li><strong>Les Confins &#8211; La Clusaz<\/strong> <a href=\"https:\/\/www.google.fr\/maps\/dir\/1288+Route+de+Th%C3%B4nes,+Dingy-Saint-Clair\/Les+Confins,+La+Clusaz\/@45.8914188,6.2868258,12z\/data=!3m1!4b1!4m14!4m13!1m5!1m1!1s0x478b8d9525cd42b3:0x83819dd232c104a5!2m2!1d6.2327827!2d45.9036131!1m5!1m1!1s0x478bf0848672e897:0xa08ab2d8328b7c0!2m2!1d6.477247!2d45.91953!3e0\"><img loading=\"lazy\" decoding=\"async\" width=\"50\" height=\"30\" class=\"wp-image-55\" style=\"width: 50px;\" src=\"http:\/\/petitchalet.mkrieg.fr\/wp-content\/uploads\/2021\/09\/iti.png\" alt=\"\"><\/a><\/li><\/ul>\n\n\n\n<div class=\"wp-block-media-text alignwide is-stacked-on-mobile has-pale-ocean-gradient-background has-background\" style=\"grid-template-columns:15% auto\"><figure class=\"wp-block-media-text__media\"><a href=\"http:\/\/petitchalet.mkrieg.fr\/wp-content\/uploads\/2021\/09\/skifdconfins-300x197-1.png\"><img loading=\"lazy\" decoding=\"async\" width=\"150\" height=\"150\" src=\"http:\/\/petitchalet.mkrieg.fr\/wp-content\/uploads\/2021\/09\/skifdconfins-150x150-1.png\" alt=\"\" class=\"wp-image-85 size-full\"\/><\/a><\/figure><div class=\"wp-block-media-text__content\">\n<p class=\"has-regular-font-size\">L\u2019Espace nordique des Confins (1450 m) est un lieu unique en son genre, un domaine nordique reconnu. Au del\u00e0 des performances, le plateau a su conserver son authenticit\u00e9 en pr\u00e9servant le patrimoine naturel et en restant un site convivial pour tous les go\u00fbts et tous les \u00e2ges. Nich\u00e9 aux pieds des grandioses combes des Aravis, au dessus du lac des Confins, le site est r\u00e9put\u00e9 pour son cadre et son acc\u00e8s.<\/p>\n\n\n\n<p><a href=\"https:\/\/laclusaz-nordic.com\/webcam\/index.html\">Webcam <\/a> &#8211; <a href=\"https:\/\/laclusaz-nordic.com\/pistes.php\">Plan des pistes<\/a><\/p>\n<\/div><\/div>\n\n\n\n<ul class=\"wp-block-list\"><li><strong>Beauregard &#8211; La Croix Fry<\/strong> <a href=\"https:\/\/www.google.fr\/maps\/dir\/1288+Route+de+Th%C3%B4nes,+Dingy-Saint-Clair\/La+Croix+Fry,+Manigod\/@45.8914188,6.2648473,12z\/data=!3m1!4b1!4m14!4m13!1m5!1m1!1s0x478b8d9525cd42b3:0x83819dd232c104a5!2m2!1d6.2327827!2d45.9036131!1m5!1m1!1s0x478bee1ffc8866ad:0x51d397591c8c6152!2m2!1d6.4033407!2d45.8769721!3e0\"><img loading=\"lazy\" decoding=\"async\" width=\"50\" height=\"30\" class=\"wp-image-55\" style=\"width: 50px;\" src=\"http:\/\/petitchalet.mkrieg.fr\/wp-content\/uploads\/2021\/09\/iti.png\" alt=\"\"><\/a><\/li><\/ul>\n\n\n\n<div class=\"wp-block-media-text alignwide is-stacked-on-mobile has-pale-ocean-gradient-background has-background\" style=\"grid-template-columns:15% auto\"><figure class=\"wp-block-media-text__media\"><img loading=\"lazy\" decoding=\"async\" width=\"666\" height=\"467\" src=\"http:\/\/petitchalet.mkrieg.fr\/wp-content\/uploads\/2021\/09\/skifdbeauregard.png\" alt=\"\" class=\"wp-image-83 size-full\" srcset=\"http:\/\/petitchalet.mkrieg.fr\/wp-content\/uploads\/2021\/09\/skifdbeauregard.png 666w, http:\/\/petitchalet.mkrieg.fr\/wp-content\/uploads\/2021\/09\/skifdbeauregard-300x210.png 300w\" sizes=\"auto, (max-width: 666px) 100vw, 666px\" \/><\/figure><div class=\"wp-block-media-text__content\">\n<p class=\"has-regular-font-size\">Un magnifique plateau de ski nordique, b\u00e9n\u00e9ficiant d\u2019un excellent enneigement, et d\u2019une faune tr\u00e8s riche qui permet de croiser des chevreuils, des li\u00e8vres, hermines et fouines, des renards, et le fameux T\u00e9tras lyre\u2026<\/p>\n\n\n\n<p><a href=\"https:\/\/skidefondbeauregard.com\/la-web-cam-du-col-de-la-croix-fry\/\">Webcam <\/a>&#8211; <a href=\"https:\/\/skidefondbeauregard.com\/plan-dacces-su-ski-de-fond\/\">Plan des pistes<\/a><\/p>\n<\/div><\/div>\n\n\n\n<ul class=\"wp-block-list\"><li><strong>Le Grand Bornand<\/strong> <a href=\"https:\/\/www.google.fr\/maps\/dir\/1288+Route+de+Th%C3%B4nes,+Dingy-Saint-Clair\/stade+de+biathlon+Sylvie+Becaert,+Route+de+la+Patinoire,+Le+Grand-Bornand\/@45.9121409,6.2632338,12z\/data=!3m1!4b1!4m14!4m13!1m5!1m1!1s0x478b8d9525cd42b3:0x83819dd232c104a5!2m2!1d6.2327827!2d45.9036131!1m5!1m1!1s0x478bf1250966703d:0xdc45968d4a0c891b!2m2!1d6.4336972!2d45.9416078!3e0\"><img loading=\"lazy\" decoding=\"async\" width=\"50\" height=\"30\" class=\"wp-image-55\" style=\"width: 50px;\" src=\"http:\/\/petitchalet.mkrieg.fr\/wp-content\/uploads\/2021\/09\/iti.png\" alt=\"\"><\/a><\/li><\/ul>\n\n\n\n<div class=\"wp-block-media-text alignwide is-stacked-on-mobile has-pale-ocean-gradient-background has-background\" style=\"grid-template-columns:15% auto\"><figure class=\"wp-block-media-text__media\"><img loading=\"lazy\" decoding=\"async\" width=\"331\" height=\"246\" src=\"http:\/\/petitchalet.mkrieg.fr\/wp-content\/uploads\/2021\/09\/skifdgdbornand.png\" alt=\"\" class=\"wp-image-87 size-full\" srcset=\"http:\/\/petitchalet.mkrieg.fr\/wp-content\/uploads\/2021\/09\/skifdgdbornand.png 331w, http:\/\/petitchalet.mkrieg.fr\/wp-content\/uploads\/2021\/09\/skifdgdbornand-300x223.png 300w\" sizes=\"auto, (max-width: 331px) 100vw, 331px\" \/><\/figure><div class=\"wp-block-media-text__content\">\n<p class=\"has-regular-font-size\">Sauvage, peupl\u00e9 d&rsquo;\u00e9pic\u00e9as enneig\u00e9s et de chalets douillettement blottis sous les flocons, le domaine nordique d\u00e9roule ses&nbsp;<strong>74,5&nbsp;km<\/strong>&nbsp;de pistes parfaitement entretenues et accessibles par 3 portes d&rsquo;entr\u00e9es (Le Grand-Bornand Village, Les Plans et Lormay \u00e0 l&rsquo;Auberge Nordique) qui vous permettront de d\u00e9couvrir un cadre alliant la nature, la glisse, le patrimoine et la vie agricole.<\/p>\n\n\n\n<p><a href=\"http:\/\/petitchalet.mkrieg.fr\/wp-content\/uploads\/2021\/10\/plan-pistes-ski-nordique-gdbo.pdf\">Plan des pistes<\/a><\/p>\n<\/div><\/div>\n\n\n\n<ul class=\"wp-block-list\"><li><strong>Le plateau des Gli\u00e8res<\/strong> <a href=\"https:\/\/www.google.fr\/maps\/dir\/1288+Route+de+Th%C3%B4nes,+Dingy-Saint-Clair\/Plateau+des+Gli%C3%A8res,+74130+Gli%C3%A8res-Val-de-Borne\/@45.9472063,6.121916,11z\/data=!3m1!4b1!4m14!4m13!1m5!1m1!1s0x478b8d9525cd42b3:0x83819dd232c104a5!2m2!1d6.2327827!2d45.9036131!1m5!1m1!1s0x478bf49c363ae1b1:0x8f75166368be4963!2m2!1d6.34023!2d45.959827!3e0\"><img loading=\"lazy\" decoding=\"async\" width=\"50\" height=\"30\" class=\"wp-image-55\" style=\"width: 50px;\" src=\"http:\/\/petitchalet.mkrieg.fr\/wp-content\/uploads\/2021\/09\/iti.png\" alt=\"\"><\/a><\/li><\/ul>\n\n\n\n<div class=\"wp-block-media-text alignwide is-stacked-on-mobile has-pale-ocean-gradient-background has-background\" style=\"grid-template-columns:15% auto\"><figure class=\"wp-block-media-text__media\"><img loading=\"lazy\" decoding=\"async\" width=\"339\" height=\"231\" src=\"http:\/\/petitchalet.mkrieg.fr\/wp-content\/uploads\/2021\/10\/gliere.png\" alt=\"\" class=\"wp-image-373 size-full\" srcset=\"http:\/\/petitchalet.mkrieg.fr\/wp-content\/uploads\/2021\/10\/gliere.png 339w, http:\/\/petitchalet.mkrieg.fr\/wp-content\/uploads\/2021\/10\/gliere-300x204.png 300w\" sizes=\"auto, (max-width: 339px) 100vw, 339px\" \/><\/figure><div class=\"wp-block-media-text__content\">\n<p class=\"has-regular-font-size\">Situ\u00e9 entre 1450 et 1550 m\u00e8tres d\u2019altitude, le Plateau des Gli\u00e8res est un haut lieu du ski de fond en Haute-Savoie, entre vastes \u00e9tendues d\u2019alpages et secteurs en for\u00eat ce sont des pistes vari\u00e9es, pour tous les niveaux !<br>Les 29 km de pistes sont entretenues tous les jours. Un itin\u00e9raire de randonn\u00e9e nordique de 5 km ravit les skieurs amateurs de balade et d\u00e9couverte. Des terrains d\u2019apprentissage sont \u00e0 la disposition des scolaires, des groupes ou de toute autre personne.<\/p>\n\n\n\n<p class=\"has-regular-font-size\">Le centre de ski de fond dispose d\u2019un accueil, d\u2019une salle hors sac ouverte \u00e0 tous, d\u2019un poste de secours et d\u2019une salle de fartage.<br>Vous trouverez \u00e9galement une \u00e9cole de ski et une location de mat\u00e9riel \u00e0 proximit\u00e9 sur le col des Gli\u00e8res.<\/p>\n\n\n\n<p><a href=\"http:\/\/petitchalet.mkrieg.fr\/wp-content\/uploads\/2021\/10\/glieres-plan.jpg\">Plan des pistes<\/a><\/p>\n<\/div><\/div>\n\n\n\n<ul class=\"wp-block-list\"><li><strong>Le Semnoz<\/strong> <a href=\"https:\/\/www.google.fr\/maps\/dir\/1288+Route+de+Th%C3%B4nes,+Dingy-Saint-Clair\/Le+Semnoz+Station+De+Ski,+Viuz-la-Chi%C3%A9saz\/@45.8729074,6.0038542,11z\/data=!3m1!4b1!4m14!4m13!1m5!1m1!1s0x478b8d9525cd42b3:0x83819dd232c104a5!2m2!1d6.2327827!2d45.9036131!1m5!1m1!1s0x478b9758f2f70013:0xbfcbc77505c2c4d7!2m2!1d6.0988113!2d45.8054375!3e0\"><img loading=\"lazy\" decoding=\"async\" width=\"50\" height=\"30\" class=\"wp-image-55\" style=\"width: 50px;\" src=\"http:\/\/petitchalet.mkrieg.fr\/wp-content\/uploads\/2021\/09\/iti.png\" alt=\"\"><\/a><\/li><\/ul>\n\n\n\n<div class=\"wp-block-media-text alignwide is-stacked-on-mobile has-pale-ocean-gradient-background has-background\" style=\"grid-template-columns:15% auto\"><figure class=\"wp-block-media-text__media\"><img loading=\"lazy\" decoding=\"async\" width=\"1024\" height=\"679\" src=\"http:\/\/petitchalet.mkrieg.fr\/wp-content\/uploads\/2021\/09\/semnoz-mars-2016-39-1024x679.jpg\" alt=\"\" class=\"wp-image-79 size-full\" srcset=\"http:\/\/petitchalet.mkrieg.fr\/wp-content\/uploads\/2021\/09\/semnoz-mars-2016-39-1024x679.jpg 1024w, http:\/\/petitchalet.mkrieg.fr\/wp-content\/uploads\/2021\/09\/semnoz-mars-2016-39-300x199.jpg 300w, http:\/\/petitchalet.mkrieg.fr\/wp-content\/uploads\/2021\/09\/semnoz-mars-2016-39-768x510.jpg 768w, http:\/\/petitchalet.mkrieg.fr\/wp-content\/uploads\/2021\/09\/semnoz-mars-2016-39-1536x1019.jpg 1536w, http:\/\/petitchalet.mkrieg.fr\/wp-content\/uploads\/2021\/09\/semnoz-mars-2016-39-2048x1359.jpg 2048w\" sizes=\"auto, (max-width: 1024px) 100vw, 1024px\" \/><\/figure><div class=\"wp-block-media-text__content\">\n<p class=\"has-regular-font-size\">Situ\u00e9 entre 1450 et 1701 m\u00e8tres d\u2019altitude, le site nordique est dot\u00e9 d\u2019une belle \u00e9tendue et b\u00e9n\u00e9ficie de pistes balis\u00e9es avec soin, entretenues tous les jours par les \u00e9quipes du domaine.&nbsp;<\/p>\n\n\n\n<p>Pla<a href=\"http:\/\/petitchalet.mkrieg.fr\/wp-content\/uploads\/2021\/09\/plan_des_pistes_nordiques_officiel-min.jpg\">n des pistes<\/a><\/p>\n<\/div><\/div>\n<\/div>\n<\/div>\n","protected":false},"excerpt":{"rendered":"<p>Les Confins &#8211; La Clusaz L\u2019Espace nordique des Confins (1450 m) est un lieu unique en son genre, un domaine nordique reconnu. Au del\u00e0 des performances, le plateau a su conserver son authenticit\u00e9 en pr\u00e9servant le patrimoine naturel et en restant un site convivial pour tous les go\u00fbts et tous les \u00e2ges. Nich\u00e9 aux pieds &hellip; <\/p>\n<p><a class=\"more-link btn\" href=\"http:\/\/petitchalet.mkrieg.fr\/index.php\/ski-de-fond\/\">Lire la suite<\/a><\/p>\n","protected":false},"author":1,"featured_media":0,"parent":0,"menu_order":0,"comment_status":"closed","ping_status":"closed","template":"","meta":{"footnotes":""},"class_list":["post-293","page","type-page","status-publish","hentry","nodate","item-wrap"],"_links":{"self":[{"href":"http:\/\/petitchalet.mkrieg.fr\/index.php\/wp-json\/wp\/v2\/pages\/293","targetHints":{"allow":["GET"]}}],"collection":[{"href":"http:\/\/petitchalet.mkrieg.fr\/index.php\/wp-json\/wp\/v2\/pages"}],"about":[{"href":"http:\/\/petitchalet.mkrieg.fr\/index.php\/wp-json\/wp\/v2\/types\/page"}],"author":[{"embeddable":true,"href":"http:\/\/petitchalet.mkrieg.fr\/index.php\/wp-json\/wp\/v2\/users\/1"}],"replies":[{"embeddable":true,"href":"http:\/\/petitchalet.mkrieg.fr\/index.php\/wp-json\/wp\/v2\/comments?post=293"}],"version-history":[{"count":18,"href":"http:\/\/petitchalet.mkrieg.fr\/index.php\/wp-json\/wp\/v2\/pages\/293\/revisions"}],"predecessor-version":[{"id":385,"href":"http:\/\/petitchalet.mkrieg.fr\/index.php\/wp-json\/wp\/v2\/pages\/293\/revisions\/385"}],"wp:attachment":[{"href":"http:\/\/petitchalet.mkrieg.fr\/index.php\/wp-json\/wp\/v2\/media?parent=293"}],"curies":[{"name":"wp","href":"https:\/\/api.w.org\/{rel}","templated":true}]}}