{"id":295,"date":"2021-10-11T17:39:10","date_gmt":"2021-10-11T15:39:10","guid":{"rendered":"http:\/\/petitchalet.mkrieg.fr\/?page_id=295"},"modified":"2021-10-12T22:36:24","modified_gmt":"2021-10-12T20:36:24","slug":"ski-de-pistes","status":"publish","type":"page","link":"http:\/\/petitchalet.mkrieg.fr\/index.php\/ski-de-pistes\/","title":{"rendered":"Ski de pistes"},"content":{"rendered":"\n<div class=\"wp-block-columns is-layout-flex wp-container-core-columns-is-layout-9d6595d7 wp-block-columns-is-layout-flex\">\n<div class=\"wp-block-column is-layout-flow wp-block-column-is-layout-flow\">\n<ul class=\"wp-block-list\"><li><strong>Le Grand-Bornand<\/strong> <a href=\"https:\/\/www.google.fr\/maps\/dir\/1288+Route+de+Th%C3%B4nes,+Dingy-Saint-Clair\/La+Clusaz,+74220\/@45.9030262,6.2580347,12z\/data=!3m1!4b1!4m14!4m13!1m5!1m1!1s0x478b8d9525cd42b3:0x83819dd232c104a5!2m2!1d6.2327827!2d45.9036131!1m5!1m1!1s0x478bf071ee591289:0x408ab2ae4baa200!2m2!1d6.423353!2d45.904427!3e0\"><img loading=\"lazy\" decoding=\"async\" width=\"50\" height=\"30\" class=\"wp-image-55\" style=\"width: 50px;\" src=\"http:\/\/petitchalet.mkrieg.fr\/wp-content\/uploads\/2021\/09\/iti.png\" alt=\"\"><\/a><\/li><\/ul>\n\n\n\n<div class=\"wp-block-media-text alignwide is-stacked-on-mobile has-black-color has-very-light-gray-to-cyan-bluish-gray-gradient-background has-text-color has-background\" style=\"grid-template-columns:15% auto\"><figure class=\"wp-block-media-text__media\"><a href=\"http:\/\/petitchalet.mkrieg.fr\/wp-content\/uploads\/2021\/09\/skigdbornand.png\"><img loading=\"lazy\" decoding=\"async\" width=\"150\" height=\"150\" src=\"http:\/\/petitchalet.mkrieg.fr\/wp-content\/uploads\/2021\/09\/skigdbornand-150x150-1.png\" alt=\"\" class=\"wp-image-90 size-full\"\/><\/a><\/figure><div class=\"wp-block-media-text__content\">\n<p class=\"has-regular-font-size\"><strong>Le Grand-Bornand<\/strong> offre le charme d&rsquo;un village de montagne traditionnel et les \u00e9quipements d&rsquo;une station de premier plan.<\/p>\n\n\n\n<p>Au coeur d&rsquo;un splendide d\u00e9cor, Le Grand-Bornand a su pr\u00e9server son \u00e2me de village de montagne haut-savoyard tout en d\u00e9veloppant un accueil touristique de qualit\u00e9.<\/p>\n\n\n\n<p>La <strong>station du Grand Bornand<\/strong> s&rsquo;\u00e9tend sur deux altitudes :<br>-\u00e0 1000 m\u00e8tres, se trouve <strong>Le Grand-Bornand Village<\/strong>, bourg typiquement savoyard avec sa grenette, sa place, son \u00e9glise et ses commerces&#8230;<br>-six kilom\u00e8tres plus haut, sur la route du Col de la Colombi\u00e8re, s&rsquo;\u00e9tire <strong>Le Grand-Bornand Chinaillon<\/strong>, \u00e0 1300 m\u00e8tres d&rsquo;altitude, principal d\u00e9part des pistes de ski alpin.<\/p>\n\n\n\n<div class=\"wp-block-file\"><a href=\"http:\/\/petitchalet.mkrieg.fr\/wp-content\/uploads\/2021\/10\/plan-pistes-grand-bornand-2020.pdf\">plan-pistes-grand-bornand-2020<\/a><a href=\"http:\/\/petitchalet.mkrieg.fr\/wp-content\/uploads\/2021\/10\/plan-pistes-grand-bornand-2020.pdf\" class=\"wp-block-file__button\" download>T\u00e9l\u00e9charger<\/a><\/div>\n<\/div><\/div>\n\n\n\n<ul class=\"wp-block-list\"><li><strong>La Clusaz<\/strong> <a href=\"https:\/\/www.google.fr\/maps\/dir\/1288+Route+de+Th%C3%B4nes,+Dingy-Saint-Clair\/La+Clusaz\/@45.9030262,6.2580347,12z\/data=!3m1!4b1!4m14!4m13!1m5!1m1!1s0x478b8d9525cd42b3:0x83819dd232c104a5!2m2!1d6.2327827!2d45.9036131!1m5!1m1!1s0x478bf071ee591289:0x408ab2ae4baa200!2m2!1d6.423353!2d45.904427!3e0\"><img loading=\"lazy\" decoding=\"async\" width=\"50\" height=\"30\" class=\"wp-image-55\" style=\"width: 50px;\" src=\"http:\/\/petitchalet.mkrieg.fr\/wp-content\/uploads\/2021\/09\/iti.png\" alt=\"\"><\/a><\/li><\/ul>\n\n\n\n<div class=\"wp-block-media-text alignwide is-stacked-on-mobile has-very-light-gray-to-cyan-bluish-gray-gradient-background has-background\" style=\"grid-template-columns:15% auto\"><figure class=\"wp-block-media-text__media\"><img loading=\"lazy\" decoding=\"async\" width=\"561\" height=\"383\" src=\"http:\/\/petitchalet.mkrieg.fr\/wp-content\/uploads\/2021\/10\/stationlaclusaz.png\" alt=\"\" class=\"wp-image-342 size-full\" srcset=\"http:\/\/petitchalet.mkrieg.fr\/wp-content\/uploads\/2021\/10\/stationlaclusaz.png 561w, http:\/\/petitchalet.mkrieg.fr\/wp-content\/uploads\/2021\/10\/stationlaclusaz-300x205.png 300w\" sizes=\"auto, (max-width: 561px) 100vw, 561px\" \/><\/figure><div class=\"wp-block-media-text__content\">\n<p class=\"has-regular-font-size\">La station des Anneciens, qui a su se d\u00e9velopper sans g\u00e2cher son architecture traditionnelle, accueille \u00e9galement beaucoup de skieurs venus de Gen\u00e8ve et ses environs, ce qui en fait un endroit \u00e0 la fois typique et plut\u00f4t haut de gamme. Ceci&nbsp;explique peut-\u00eatre pourquoi les restaurants et l\u2019accueil sont de si bon niveau.<br>Vaste domaine skiable en superficie, la station profite des paysages si typiques du massif des Aravis mais aussi d\u2019une topographie qui permet d\u2019offrir des secteurs tr\u00e8s distincts des uns des autres, avec de vraies sp\u00e9cificit\u00e9s alors que l\u2019ensemble est enti\u00e8rement maill\u00e9 par des remont\u00e9es m\u00e9caniques modernes.<\/p>\n\n\n\n<div class=\"wp-block-file\"><a href=\"http:\/\/petitchalet.mkrieg.fr\/wp-content\/uploads\/2021\/09\/planlaclusaz.png\">plan-pistes-laclusaz<\/a><a href=\"http:\/\/petitchalet.mkrieg.fr\/wp-content\/uploads\/2021\/09\/planlaclusaz.png\" class=\"wp-block-file__button\" download>T\u00e9l\u00e9charger<\/a><\/div>\n<\/div><\/div>\n\n\n\n<ul class=\"wp-block-list\"><li><strong>Manigod &#8211; Merdassier<\/strong> <a href=\"https:\/\/www.google.fr\/maps\/dir\/1288+Route+de+Th%C3%B4nes,+Dingy-Saint-Clair\/La+Croix+Fry,+Manigod\/@45.8914188,6.2648473,12z\/data=!3m1!4b1!4m14!4m13!1m5!1m1!1s0x478b8d9525cd42b3:0x83819dd232c104a5!2m2!1d6.2327827!2d45.9036131!1m5!1m1!1s0x478bee1ffc8866ad:0x51d397591c8c6152!2m2!1d6.4033407!2d45.8769721!3e0\"><img loading=\"lazy\" decoding=\"async\" width=\"50\" height=\"30\" class=\"wp-image-55\" style=\"width: 50px;\" src=\"http:\/\/petitchalet.mkrieg.fr\/wp-content\/uploads\/2021\/09\/iti.png\" alt=\"\"><\/a><\/li><\/ul>\n\n\n\n<div class=\"wp-block-media-text alignwide is-stacked-on-mobile has-very-light-gray-to-cyan-bluish-gray-gradient-background has-background\" style=\"grid-template-columns:15% auto\"><figure class=\"wp-block-media-text__media\"><img loading=\"lazy\" decoding=\"async\" width=\"523\" height=\"389\" src=\"http:\/\/petitchalet.mkrieg.fr\/wp-content\/uploads\/2021\/10\/manigod.png\" alt=\"\" class=\"wp-image-346 size-full\" srcset=\"http:\/\/petitchalet.mkrieg.fr\/wp-content\/uploads\/2021\/10\/manigod.png 523w, http:\/\/petitchalet.mkrieg.fr\/wp-content\/uploads\/2021\/10\/manigod-300x223.png 300w\" sizes=\"auto, (max-width: 523px) 100vw, 523px\" \/><\/figure><div class=\"wp-block-media-text__content\">\n<p class=\"has-regular-font-size\">Manigod est avant tout une station \u00e0 taille humaine, un village et une vall\u00e9e avec une \u00e2me. Il vous permet de pratiquer&nbsp;un ski vari\u00e9 id\u00e9al pour les jeunes, les familles et les adeptes du ski nature.<\/p>\n\n\n\n<p class=\"has-regular-font-size\">Pour les amateurs de grand ski, la liaison skis aux pieds avec le domaine de la Clusaz permet r\u00e9ellement de se faire plaisir. Les sapins enneig\u00e9s sur le c\u00f4t\u00e9 de nos pistes dam\u00e9es vous permettront de vous \u00e9vader un peu en hors piste et de profiter pleinement !<\/p>\n\n\n\n<div class=\"wp-block-file\"><a href=\"http:\/\/petitchalet.mkrieg.fr\/wp-content\/uploads\/2021\/10\/planmanigod.png\">plan-pistes-manigod<\/a><a href=\"http:\/\/petitchalet.mkrieg.fr\/wp-content\/uploads\/2021\/10\/planmanigod.png\" class=\"wp-block-file__button\" download>T\u00e9l\u00e9charger<\/a><\/div>\n<\/div><\/div>\n<\/div>\n<\/div>\n","protected":false},"excerpt":{"rendered":"<p>Le Grand-Bornand Le Grand-Bornand offre le charme d&rsquo;un village de montagne traditionnel et les \u00e9quipements d&rsquo;une station de premier plan. Au coeur d&rsquo;un splendide d\u00e9cor, Le Grand-Bornand a su pr\u00e9server son \u00e2me de village de montagne haut-savoyard tout en d\u00e9veloppant un accueil touristique de qualit\u00e9. La station du Grand Bornand s&rsquo;\u00e9tend sur deux altitudes :-\u00e0 &hellip; <\/p>\n<p><a class=\"more-link btn\" href=\"http:\/\/petitchalet.mkrieg.fr\/index.php\/ski-de-pistes\/\">Lire la suite<\/a><\/p>\n","protected":false},"author":1,"featured_media":0,"parent":0,"menu_order":0,"comment_status":"closed","ping_status":"closed","template":"","meta":{"footnotes":""},"class_list":["post-295","page","type-page","status-publish","hentry","nodate","item-wrap"],"_links":{"self":[{"href":"http:\/\/petitchalet.mkrieg.fr\/index.php\/wp-json\/wp\/v2\/pages\/295","targetHints":{"allow":["GET"]}}],"collection":[{"href":"http:\/\/petitchalet.mkrieg.fr\/index.php\/wp-json\/wp\/v2\/pages"}],"about":[{"href":"http:\/\/petitchalet.mkrieg.fr\/index.php\/wp-json\/wp\/v2\/types\/page"}],"author":[{"embeddable":true,"href":"http:\/\/petitchalet.mkrieg.fr\/index.php\/wp-json\/wp\/v2\/users\/1"}],"replies":[{"embeddable":true,"href":"http:\/\/petitchalet.mkrieg.fr\/index.php\/wp-json\/wp\/v2\/comments?post=295"}],"version-history":[{"count":11,"href":"http:\/\/petitchalet.mkrieg.fr\/index.php\/wp-json\/wp\/v2\/pages\/295\/revisions"}],"predecessor-version":[{"id":388,"href":"http:\/\/petitchalet.mkrieg.fr\/index.php\/wp-json\/wp\/v2\/pages\/295\/revisions\/388"}],"wp:attachment":[{"href":"http:\/\/petitchalet.mkrieg.fr\/index.php\/wp-json\/wp\/v2\/media?parent=295"}],"curies":[{"name":"wp","href":"https:\/\/api.w.org\/{rel}","templated":true}]}}