{"id":435,"date":"2021-10-19T17:54:39","date_gmt":"2021-10-19T15:54:39","guid":{"rendered":"http:\/\/petitchalet.mkrieg.fr\/?page_id=435"},"modified":"2021-10-19T17:55:02","modified_gmt":"2021-10-19T15:55:02","slug":"tour-du-lac-en-velo","status":"publish","type":"page","link":"http:\/\/petitchalet.mkrieg.fr\/index.php\/tour-du-lac-en-velo\/","title":{"rendered":"Tour du lac en v\u00e9lo"},"content":{"rendered":"\n<div class=\"wp-block-image\"><figure class=\"alignleft size-full is-resized\"><a href=\"http:\/\/petitchalet.mkrieg.fr\/wp-content\/uploads\/2021\/09\/lac_annecy.jpg\"><img loading=\"lazy\" decoding=\"async\" src=\"http:\/\/petitchalet.mkrieg.fr\/wp-content\/uploads\/2021\/09\/lac_annecy-150x150-1.jpg\" alt=\"\" class=\"wp-image-15\" width=\"149\" height=\"149\"\/><\/a><\/figure><\/div>\n\n\n\n<p>Cette balade qui fait le tour du lac d\u2019Annecy, est constitu\u00e9e, dans sa plus grande partie, par une piste cyclable partag\u00e9e avec les pi\u00e9tons et les rollers. Sa longueur est de 40 km et son d\u00e9nivel\u00e9 de 300 m.<\/p>\n\n\n\n<figure class=\"wp-block-image size-full\"><img loading=\"lazy\" decoding=\"async\" width=\"663\" height=\"297\" src=\"http:\/\/petitchalet.mkrieg.fr\/wp-content\/uploads\/2021\/09\/carte_tour_lac.png\" alt=\"\" class=\"wp-image-10\" srcset=\"http:\/\/petitchalet.mkrieg.fr\/wp-content\/uploads\/2021\/09\/carte_tour_lac.png 663w, http:\/\/petitchalet.mkrieg.fr\/wp-content\/uploads\/2021\/09\/carte_tour_lac-300x134.png 300w\" sizes=\"auto, (max-width: 663px) 100vw, 663px\" \/><\/figure>\n","protected":false},"excerpt":{"rendered":"<p>Cette balade qui fait le tour du lac d\u2019Annecy, est constitu\u00e9e, dans sa plus grande partie, par une piste cyclable partag\u00e9e avec les pi\u00e9tons et les rollers. Sa longueur est de 40 km et son d\u00e9nivel\u00e9 de 300 m.<\/p>\n","protected":false},"author":1,"featured_media":0,"parent":0,"menu_order":0,"comment_status":"closed","ping_status":"closed","template":"","meta":{"footnotes":""},"class_list":["post-435","page","type-page","status-publish","hentry","nodate","item-wrap"],"_links":{"self":[{"href":"http:\/\/petitchalet.mkrieg.fr\/index.php\/wp-json\/wp\/v2\/pages\/435","targetHints":{"allow":["GET"]}}],"collection":[{"href":"http:\/\/petitchalet.mkrieg.fr\/index.php\/wp-json\/wp\/v2\/pages"}],"about":[{"href":"http:\/\/petitchalet.mkrieg.fr\/index.php\/wp-json\/wp\/v2\/types\/page"}],"author":[{"embeddable":true,"href":"http:\/\/petitchalet.mkrieg.fr\/index.php\/wp-json\/wp\/v2\/users\/1"}],"replies":[{"embeddable":true,"href":"http:\/\/petitchalet.mkrieg.fr\/index.php\/wp-json\/wp\/v2\/comments?post=435"}],"version-history":[{"count":2,"href":"http:\/\/petitchalet.mkrieg.fr\/index.php\/wp-json\/wp\/v2\/pages\/435\/revisions"}],"predecessor-version":[{"id":437,"href":"http:\/\/petitchalet.mkrieg.fr\/index.php\/wp-json\/wp\/v2\/pages\/435\/revisions\/437"}],"wp:attachment":[{"href":"http:\/\/petitchalet.mkrieg.fr\/index.php\/wp-json\/wp\/v2\/media?parent=435"}],"curies":[{"name":"wp","href":"https:\/\/api.w.org\/{rel}","templated":true}]}}