{"id":439,"date":"2021-10-19T17:56:42","date_gmt":"2021-10-19T15:56:42","guid":{"rendered":"http:\/\/petitchalet.mkrieg.fr\/?page_id=439"},"modified":"2021-11-09T09:23:06","modified_gmt":"2021-11-09T08:23:06","slug":"a-decouvrir","status":"publish","type":"page","link":"http:\/\/petitchalet.mkrieg.fr\/index.php\/a-decouvrir\/","title":{"rendered":"A d\u00e9couvrir"},"content":{"rendered":"\n<ul class=\"wp-block-list\"><li><strong>La vieille ville d&rsquo;Annecy<\/strong><\/li><\/ul>\n\n\n\n<p>Entre lac et montagnes, le centre historique m\u00e9di\u00e9val d&rsquo;Annecy est une invitation \u00e0 la promenade et aux d\u00e9couvertes. Avec ses ruelles pav\u00e9es, ses b\u00e2tisses color\u00e9es et ses b\u00e2timents embl\u00e9matiques, la Venise des Alpes est une cit\u00e9 riche en patrimoine. Au d\u00e9tour des canaux, laissez-vous conter les richesses du pass\u00e9.<\/p>\n\n\n\n<figure class=\"wp-block-gallery columns-3 is-cropped wp-block-gallery-1 is-layout-flex wp-block-gallery-is-layout-flex\"><ul class=\"blocks-gallery-grid\"><li class=\"blocks-gallery-item\"><figure><img loading=\"lazy\" decoding=\"async\" width=\"507\" height=\"359\" src=\"http:\/\/petitchalet.mkrieg.fr\/wp-content\/uploads\/2021\/11\/annecy4.png\" alt=\"\" data-id=\"456\" data-full-url=\"http:\/\/petitchalet.mkrieg.fr\/wp-content\/uploads\/2021\/11\/annecy4.png\" data-link=\"http:\/\/petitchalet.mkrieg.fr\/index.php\/a-decouvrir\/annecy4\/\" class=\"wp-image-456\" srcset=\"http:\/\/petitchalet.mkrieg.fr\/wp-content\/uploads\/2021\/11\/annecy4.png 507w, http:\/\/petitchalet.mkrieg.fr\/wp-content\/uploads\/2021\/11\/annecy4-300x212.png 300w\" sizes=\"auto, (max-width: 507px) 100vw, 507px\" \/><\/figure><\/li><li class=\"blocks-gallery-item\"><figure><img loading=\"lazy\" decoding=\"async\" width=\"682\" height=\"463\" src=\"http:\/\/petitchalet.mkrieg.fr\/wp-content\/uploads\/2021\/11\/annecy3.png\" alt=\"\" data-id=\"457\" data-full-url=\"http:\/\/petitchalet.mkrieg.fr\/wp-content\/uploads\/2021\/11\/annecy3.png\" data-link=\"http:\/\/petitchalet.mkrieg.fr\/index.php\/a-decouvrir\/annecy3\/\" class=\"wp-image-457\" srcset=\"http:\/\/petitchalet.mkrieg.fr\/wp-content\/uploads\/2021\/11\/annecy3.png 682w, http:\/\/petitchalet.mkrieg.fr\/wp-content\/uploads\/2021\/11\/annecy3-300x204.png 300w\" sizes=\"auto, (max-width: 682px) 100vw, 682px\" \/><\/figure><\/li><li class=\"blocks-gallery-item\"><figure><img loading=\"lazy\" decoding=\"async\" width=\"512\" height=\"358\" src=\"http:\/\/petitchalet.mkrieg.fr\/wp-content\/uploads\/2021\/11\/annecy2.png\" alt=\"\" data-id=\"458\" data-full-url=\"http:\/\/petitchalet.mkrieg.fr\/wp-content\/uploads\/2021\/11\/annecy2.png\" data-link=\"http:\/\/petitchalet.mkrieg.fr\/index.php\/a-decouvrir\/annecy2\/\" class=\"wp-image-458\" srcset=\"http:\/\/petitchalet.mkrieg.fr\/wp-content\/uploads\/2021\/11\/annecy2.png 512w, http:\/\/petitchalet.mkrieg.fr\/wp-content\/uploads\/2021\/11\/annecy2-300x210.png 300w\" sizes=\"auto, (max-width: 512px) 100vw, 512px\" \/><\/figure><\/li><li class=\"blocks-gallery-item\"><figure><img loading=\"lazy\" decoding=\"async\" width=\"1024\" height=\"532\" src=\"http:\/\/petitchalet.mkrieg.fr\/wp-content\/uploads\/2021\/11\/annecy-1024x532.png\" alt=\"\" data-id=\"462\" data-full-url=\"http:\/\/petitchalet.mkrieg.fr\/wp-content\/uploads\/2021\/11\/annecy.png\" data-link=\"http:\/\/petitchalet.mkrieg.fr\/index.php\/a-decouvrir\/annecy\/\" class=\"wp-image-462\" srcset=\"http:\/\/petitchalet.mkrieg.fr\/wp-content\/uploads\/2021\/11\/annecy-1024x532.png 1024w, http:\/\/petitchalet.mkrieg.fr\/wp-content\/uploads\/2021\/11\/annecy-300x156.png 300w, http:\/\/petitchalet.mkrieg.fr\/wp-content\/uploads\/2021\/11\/annecy-768x399.png 768w, http:\/\/petitchalet.mkrieg.fr\/wp-content\/uploads\/2021\/11\/annecy-1170x608.png 1170w, http:\/\/petitchalet.mkrieg.fr\/wp-content\/uploads\/2021\/11\/annecy.png 1304w\" sizes=\"auto, (max-width: 1024px) 100vw, 1024px\" \/><\/figure><\/li><\/ul><\/figure>\n\n\n\n<figure class=\"wp-block-embed is-type-video is-provider-youtube wp-block-embed-youtube wp-embed-aspect-16-9 wp-has-aspect-ratio\"><div class=\"wp-block-embed__wrapper\">\n<iframe loading=\"lazy\" title=\"Annecy in 4K\" width=\"1170\" height=\"658\" src=\"https:\/\/www.youtube.com\/embed\/DezVM77tpNY?start=125&#038;feature=oembed\" frameborder=\"0\" allow=\"accelerometer; autoplay; clipboard-write; encrypted-media; gyroscope; picture-in-picture\" allowfullscreen><\/iframe>\n<\/div><\/figure>\n\n\n\n<ul class=\"wp-block-list\"><li><strong>La baie de Talloires<\/strong><\/li><\/ul>\n\n\n\n<p>A 447m, elle forme une jolie anse, domin\u00e9e par la r\u00e9serve naturelle du Roc de Ch\u00e8re. Sur le port de Talloires, vous pouvez admirer la vue magnifique qui s&rsquo;offre \u00e0 vous et les eaux turquoises du lac d&rsquo;Annecy.<\/p>\n\n\n\n<p>Vue d&rsquo;en haut, elle est aussi de toute beaut\u00e9 !<\/p>\n\n\n\n<figure class=\"wp-block-embed is-type-video is-provider-youtube wp-block-embed-youtube wp-embed-aspect-16-9 wp-has-aspect-ratio\"><div class=\"wp-block-embed__wrapper\">\n<iframe loading=\"lazy\" title=\"Mon beau village : Talloires\" width=\"1170\" height=\"658\" src=\"https:\/\/www.youtube.com\/embed\/L80C40kzq9E?start=70&#038;feature=oembed\" frameborder=\"0\" allow=\"accelerometer; autoplay; clipboard-write; encrypted-media; gyroscope; picture-in-picture\" allowfullscreen><\/iframe>\n<\/div><\/figure>\n\n\n\n<p><\/p>\n","protected":false},"excerpt":{"rendered":"<p>La vieille ville d&rsquo;Annecy Entre lac et montagnes, le centre historique m\u00e9di\u00e9val d&rsquo;Annecy est une invitation \u00e0 la promenade et aux d\u00e9couvertes. Avec ses ruelles pav\u00e9es, ses b\u00e2tisses color\u00e9es et ses b\u00e2timents embl\u00e9matiques, la Venise des Alpes est une cit\u00e9 riche en patrimoine. Au d\u00e9tour des canaux, laissez-vous conter les richesses du pass\u00e9. La baie &hellip; <\/p>\n<p><a class=\"more-link btn\" href=\"http:\/\/petitchalet.mkrieg.fr\/index.php\/a-decouvrir\/\">Lire la suite<\/a><\/p>\n","protected":false},"author":1,"featured_media":0,"parent":0,"menu_order":0,"comment_status":"closed","ping_status":"closed","template":"","meta":{"footnotes":""},"class_list":["post-439","page","type-page","status-publish","hentry","nodate","item-wrap"],"_links":{"self":[{"href":"http:\/\/petitchalet.mkrieg.fr\/index.php\/wp-json\/wp\/v2\/pages\/439","targetHints":{"allow":["GET"]}}],"collection":[{"href":"http:\/\/petitchalet.mkrieg.fr\/index.php\/wp-json\/wp\/v2\/pages"}],"about":[{"href":"http:\/\/petitchalet.mkrieg.fr\/index.php\/wp-json\/wp\/v2\/types\/page"}],"author":[{"embeddable":true,"href":"http:\/\/petitchalet.mkrieg.fr\/index.php\/wp-json\/wp\/v2\/users\/1"}],"replies":[{"embeddable":true,"href":"http:\/\/petitchalet.mkrieg.fr\/index.php\/wp-json\/wp\/v2\/comments?post=439"}],"version-history":[{"count":10,"href":"http:\/\/petitchalet.mkrieg.fr\/index.php\/wp-json\/wp\/v2\/pages\/439\/revisions"}],"predecessor-version":[{"id":464,"href":"http:\/\/petitchalet.mkrieg.fr\/index.php\/wp-json\/wp\/v2\/pages\/439\/revisions\/464"}],"wp:attachment":[{"href":"http:\/\/petitchalet.mkrieg.fr\/index.php\/wp-json\/wp\/v2\/media?parent=439"}],"curies":[{"name":"wp","href":"https:\/\/api.w.org\/{rel}","templated":true}]}}