{"id":96,"date":"2021-09-24T16:13:50","date_gmt":"2021-09-24T14:13:50","guid":{"rendered":"http:\/\/petitchalet.mkrieg.fr\/?page_id=96"},"modified":"2024-12-19T10:15:11","modified_gmt":"2024-12-19T09:15:11","slug":"quelques-info-utiles","status":"publish","type":"page","link":"http:\/\/petitchalet.mkrieg.fr\/index.php\/quelques-info-utiles\/","title":{"rendered":"Quelques info utiles&#8230;"},"content":{"rendered":"\n<ul class=\"wp-block-list\">\n<li>Le <strong>code Wifi <\/strong>pour rester toujours connect\u00e9 : nom du r\u00e9seau> KRIEG, le mot de passe est indiqu\u00e9 dans le chalet.<\/li>\n\n\n\n<li>pour un acc\u00e8s direct au wifi, vous pourrez scanner le QR code qui se trouve dans le chalet.<\/li>\n<\/ul>\n\n\n\n<ul class=\"wp-block-list\">\n<li>Vous serez plus \u00e0 l\u2019aise sans vos chaussures \u00e0 l\u2019\u00e9tage<\/li>\n<\/ul>\n\n\n\n<ul class=\"wp-block-list\">\n<li>Pensez \u00e0 ouvrir la fen\u00eatre de la salle de bain si vous aimez trainer sous une douche bien chaude<\/li>\n<\/ul>\n\n\n\n<ul class=\"wp-block-list\">\n<li><img loading=\"lazy\" decoding=\"async\" width=\"150\" height=\"46\" class=\"wp-image-354\" style=\"width: 150px;\" src=\"http:\/\/petitchalet.mkrieg.fr\/wp-content\/uploads\/2021\/10\/tri-e1634052910825.png\" alt=\"\">  Vos sacs poubelles et d\u00e9chets sont \u00e0 d\u00e9poser dans les conteneurs municipaux, route de provenat \u00e0 cot\u00e9 de la d\u00e9ch\u00e8terie  <a href=\"https:\/\/www.google.fr\/maps\/dir\/1288+Route+de+Th%C3%B4nes,+Dingy-Saint-Clair\/45.9021688,6.2226839\/@45.9045793,6.22555,17z\/data=!3m1!4b1!4m9!4m8!1m5!1m1!1s0x478b8d9525cd42b3:0x83819dd232c104a5!2m2!1d6.2327827!2d45.9036131!1m0!3e0\"><img loading=\"lazy\" decoding=\"async\" width=\"50\" height=\"30\" class=\"wp-image-55\" style=\"width: 50px;\" src=\"http:\/\/petitchalet.mkrieg.fr\/wp-content\/uploads\/2021\/09\/iti.png\" alt=\"\"><\/a><\/li>\n<\/ul>\n\n\n\n<ul class=\"wp-block-list\">\n<li>Il est important de respecter le voisinage et de ne pas faire de bruit excessif<\/li>\n<\/ul>\n\n\n\n<p><\/p>\n\n\n\n<p><strong>A la fin de votre s\u00e9jour<\/strong>, merci de retirer les draps des lits, de laisser&nbsp; propre et ranger le chalet comme \u00e0 votre arriv\u00e9e. Les produits d\u2019entretien sont \u00e0 votre disposition sous l\u2019\u00e9vier.<\/p>\n\n\n\n<p>Bon s\u00e9jour !<\/p>\n","protected":false},"excerpt":{"rendered":"<p>A la fin de votre s\u00e9jour, merci de retirer les draps des lits, de laisser&nbsp; propre et ranger le chalet comme \u00e0 votre arriv\u00e9e. Les produits d\u2019entretien sont \u00e0 votre disposition sous l\u2019\u00e9vier. Bon s\u00e9jour !<\/p>\n","protected":false},"author":1,"featured_media":0,"parent":0,"menu_order":0,"comment_status":"closed","ping_status":"closed","template":"","meta":{"footnotes":""},"class_list":["post-96","page","type-page","status-publish","hentry","nodate","item-wrap"],"_links":{"self":[{"href":"http:\/\/petitchalet.mkrieg.fr\/index.php\/wp-json\/wp\/v2\/pages\/96","targetHints":{"allow":["GET"]}}],"collection":[{"href":"http:\/\/petitchalet.mkrieg.fr\/index.php\/wp-json\/wp\/v2\/pages"}],"about":[{"href":"http:\/\/petitchalet.mkrieg.fr\/index.php\/wp-json\/wp\/v2\/types\/page"}],"author":[{"embeddable":true,"href":"http:\/\/petitchalet.mkrieg.fr\/index.php\/wp-json\/wp\/v2\/users\/1"}],"replies":[{"embeddable":true,"href":"http:\/\/petitchalet.mkrieg.fr\/index.php\/wp-json\/wp\/v2\/comments?post=96"}],"version-history":[{"count":11,"href":"http:\/\/petitchalet.mkrieg.fr\/index.php\/wp-json\/wp\/v2\/pages\/96\/revisions"}],"predecessor-version":[{"id":493,"href":"http:\/\/petitchalet.mkrieg.fr\/index.php\/wp-json\/wp\/v2\/pages\/96\/revisions\/493"}],"wp:attachment":[{"href":"http:\/\/petitchalet.mkrieg.fr\/index.php\/wp-json\/wp\/v2\/media?parent=96"}],"curies":[{"name":"wp","href":"https:\/\/api.w.org\/{rel}","templated":true}]}}