{"id":98,"date":"2021-09-24T16:14:11","date_gmt":"2021-09-24T14:14:11","guid":{"rendered":"http:\/\/petitchalet.mkrieg.fr\/?page_id=98"},"modified":"2021-10-11T13:31:41","modified_gmt":"2021-10-11T11:31:41","slug":"ou-faire-ses-courses","status":"publish","type":"page","link":"http:\/\/petitchalet.mkrieg.fr\/index.php\/ou-faire-ses-courses\/","title":{"rendered":"O\u00f9 faire ses courses ?"},"content":{"rendered":"\n<p><strong>Pour le pain :<\/strong> <\/p>\n\n\n\n<ul class=\"wp-block-list\"><li>Le Marmiton \u00e0 Dingy propose un d\u00e9p\u00f4t de pain, il fait aussi petite \u00e9picerie <a href=\"https:\/\/www.google.fr\/maps\/dir\/1288+Route+de+Th%C3%B4nes,+Dingy-Saint-Clair\/Auberge+du+Marmiton,+1+Rte+du+Chef-Lieu,+74230+Dingy-Saint-Clair\/@45.9070965,6.2228998,16z\/data=!3m1!4b1!4m14!4m13!1m5!1m1!1s0x478b8d9525cd42b3:0x83819dd232c104a5!2m2!1d6.2327827!2d45.9036131!1m5!1m1!1s0x478b8ddcb31415c3:0xa23c590647670521!2m2!1d6.2218781!2d45.9103005!3e0\"><img loading=\"lazy\" decoding=\"async\" width=\"45\" height=\"27\" class=\"wp-image-55\" style=\"width: 45px;\" src=\"http:\/\/petitchalet.mkrieg.fr\/wp-content\/uploads\/2021\/09\/iti.png\" alt=\"\"><\/a><\/li><li>La boulangerie des Aravis en direction de Th\u00f4nes <em>(6km-9mn)<\/em> <a href=\"https:\/\/www.google.fr\/maps\/dir\/1288+Route+de+Th%C3%B4nes,+Dingy-Saint-Clair\/Boulangerie+Des+Aravis,+Rue+des+Vernaies,+Th%C3%B4nes\/@45.8992326,6.2223535,13z\/data=!3m2!4b1!5s0x478bf2b1b3afded9:0xdd21322f642d5d27!4m14!4m13!1m5!1m1!1s0x478b8d9525cd42b3:0x83819dd232c104a5!2m2!1d6.2327827!2d45.9036131!1m5!1m1!1s0x478bf2b04ab8c6ab:0x149e5adf1ab151c3!2m2!1d6.3047418!2d45.8937498!3e0\"><img loading=\"lazy\" decoding=\"async\" width=\"45\" height=\"27\" class=\"wp-image-55\" style=\"width: 45px;\" src=\"http:\/\/petitchalet.mkrieg.fr\/wp-content\/uploads\/2021\/09\/iti.png\" alt=\"\"><\/a><\/li><li>Boulangerie Neveux <em>(6km-8min)<\/em>&nbsp; d\u2019Annecy le Vieux en direction d\u2019Annecy <a href=\"https:\/\/www.google.fr\/maps\/dir\/1288+Route+de+Th%C3%B4nes,+Dingy-Saint-Clair\/Le+Fournil+de+mon+P%C3%A8re,+Route+de+Th%C3%B4nes,+Annecy\/@45.9121809,6.1871711,14z\/data=!3m2!4b1!5s0x478bf2b1b3afded9:0xdd21322f642d5d27!4m14!4m13!1m5!1m1!1s0x478b8d9525cd42b3:0x83819dd232c104a5!2m2!1d6.2327827!2d45.9036131!1m5!1m1!1s0x478b8e513c035b9d:0xb70da5a29e270371!2m2!1d6.1767072!2d45.9221974!3e0\"><img loading=\"lazy\" decoding=\"async\" width=\"45\" height=\"27\" class=\"wp-image-55\" style=\"width: 45px;\" src=\"http:\/\/petitchalet.mkrieg.fr\/wp-content\/uploads\/2021\/09\/iti.png\" alt=\"\"><\/a><\/li><\/ul>\n\n\n\n<p><strong>Pour les courses :<\/strong> <\/p>\n\n\n\n<ul class=\"wp-block-list\"><li>Le Carrefour Market \u00e0 Th\u00f4nes. <em>(9km-13min)<\/em> L\u2019essentiel pour l\u2019alimentaire.  <a href=\"https:\/\/www.google.fr\/maps\/dir\/1288+Route+de+Th%C3%B4nes,+Dingy-Saint-Clair\/Carrefour+Market+Thones,+Th%C3%B4nes\/@45.8943737,6.2344485,13z\/data=!3m2!4b1!5s0x478bf2b1b3afded9:0xdd21322f642d5d27!4m14!4m13!1m5!1m1!1s0x478b8d9525cd42b3:0x83819dd232c104a5!2m2!1d6.2327827!2d45.9036131!1m5!1m1!1s0x478bf29d73d31fa7:0xe4a98c2616134556!2m2!1d6.328971!2d45.884953!3e0\"><img loading=\"lazy\" decoding=\"async\" width=\"45\" height=\"27\" class=\"wp-image-55\" style=\"width: 45px;\" src=\"http:\/\/petitchalet.mkrieg.fr\/wp-content\/uploads\/2021\/09\/iti.png\" alt=\"\"><\/a><\/li><li>Le Carrefour \u00e0 Annecy<em> (12km-15min)<\/em>, plus grand plus de choses <a href=\"https:\/\/www.google.fr\/maps\/dir\/1288+Route+de+Th%C3%B4nes,+Dingy-Saint-Clair\/Carrefour+Annecy,+Avenue+de+Gen%C3%A8ve,+Annecy\/@45.9200906,6.1431875,13z\/data=!3m2!4b1!5s0x478bf2b1b3afded9:0xdd21322f642d5d27!4m14!4m13!1m5!1m1!1s0x478b8d9525cd42b3:0x83819dd232c104a5!2m2!1d6.2327827!2d45.9036131!1m5!1m1!1s0x478b857e0c48e583:0x3d7af404f7f18465!2m2!1d6.124674!2d45.9249591!3e0\"><img loading=\"lazy\" decoding=\"async\" width=\"45\" height=\"27\" class=\"wp-image-55\" style=\"width: 45px;\" src=\"http:\/\/petitchalet.mkrieg.fr\/wp-content\/uploads\/2021\/09\/iti.png\" alt=\"\"><\/a><\/li><li>Auchan, dans la zone commerciale d\u2019Epagny, id\u00e9ale si vous avez d\u2019autres achats (D\u00e9cathlon, Darty\u2026) <em><span class=\"has-inline-color has-black-color\">(17km-18min)<\/span><\/em> <a href=\"https:\/\/www.google.fr\/maps\/dir\/1288+Route+de+Th%C3%B4nes,+Dingy-Saint-Clair\/Auchan+Epagny,+Rue+du+Commerce,+Epagny+Metz-Tessy\/@45.9200746,6.0832916,12z\/data=!3m2!4b1!5s0x478bf2b1b3afded9:0xdd21322f642d5d27!4m14!4m13!1m5!1m1!1s0x478b8d9525cd42b3:0x83819dd232c104a5!2m2!1d6.2327827!2d45.9036131!1m5!1m1!1s0x478b84513200f17f:0x6546b611d43dc5ab!2m2!1d6.0752715!2d45.9372047!3e0\"><img loading=\"lazy\" decoding=\"async\" width=\"45\" height=\"27\" class=\"wp-image-55\" style=\"width: 45px;\" src=\"http:\/\/petitchalet.mkrieg.fr\/wp-content\/uploads\/2021\/09\/iti.png\" alt=\"\"><\/a><\/li><li>Centre Commercial Courrier \u00e0 Annecy. Nombreuses boutiques&nbsp; (Fnac, Nature et d\u00e9couvertes, Monoprix\u2026)<span class=\"has-inline-color has-vivid-cyan-blue-color\"> <\/span><em><span class=\"has-inline-color has-black-color\">(14km-22mn)<\/span><\/em><span class=\"has-inline-color has-luminous-vivid-amber-color\"> <\/span><a href=\"https:\/\/www.google.fr\/maps\/dir\/1288+Route+de+Th%C3%B4nes,+Dingy-Saint-Clair\/Centre+commercial+Courier,+Rue+Carnot,+Annecy\/@45.9182266,6.0874548,12z\/data=!3m2!4b1!5s0x478bf2b1b3afded9:0xdd21322f642d5d27!4m14!4m13!1m5!1m1!1s0x478b8d9525cd42b3:0x83819dd232c104a5!2m2!1d6.2327827!2d45.9036131!1m5!1m1!1s0x478b8ff6f8fa5ddd:0xd0cd2d02d99ad8c6!2m2!1d6.1234135!2d45.9039971!3e0\"><img loading=\"lazy\" decoding=\"async\" width=\"45\" height=\"27\" class=\"wp-image-55\" style=\"width: 45px;\" src=\"http:\/\/petitchalet.mkrieg.fr\/wp-content\/uploads\/2021\/09\/iti.png\" alt=\"\"><\/a><\/li><\/ul>\n\n\n\n<div class=\"wp-block-image\"><figure class=\"alignright size-full\"><img loading=\"lazy\" decoding=\"async\" width=\"150\" height=\"150\" src=\"http:\/\/petitchalet.mkrieg.fr\/wp-content\/uploads\/2021\/09\/reblochon-150x150-1.png\" alt=\"\" class=\"wp-image-17\"\/><\/figure><\/div>\n\n\n\n<p>&nbsp;<strong>et du bon fromage de chez nous\u2026<\/strong><\/p>\n\n\n\n<ul class=\"wp-block-list\"><li><a href=\"https:\/\/www.reblochon-thones.com\/cooperative-thones-farto-presentation\/\">Le Farto, c\u2019est la coop\u00e9rative du Reblochon !<\/a> La raclette fum\u00e9e, la Meule des Alpes et la tomme blanche (assaisonn\u00e9e avec du gros sel, un filet d\u2019huile d\u2019olive, du poivre et des patates chaudes\u2026 un r\u00e9gal) <a href=\"https:\/\/www.google.fr\/maps\/dir\/1288+Route+de+Th%C3%B4nes,+Dingy-Saint-Clair\/Coop%C3%A9rative+de+Th%C3%B4nes+-+le+farto,+Avenue+d'Annecy,+Th%C3%B4nes\/@45.8974307,6.2267498,13z\/data=!3m2!4b1!5s0x478bf2b1b3afded9:0xdd21322f642d5d27!4m14!4m13!1m5!1m1!1s0x478b8d9525cd42b3:0x83819dd232c104a5!2m2!1d6.2327827!2d45.9036131!1m5!1m1!1s0x478bf2a3cea33d8b:0xf8e072a1d3338bc1!2m2!1d6.3138301!2d45.8879496!3e0\"><img loading=\"lazy\" decoding=\"async\" width=\"45\" height=\"27\" class=\"wp-image-55\" style=\"width: 45px;\" src=\"http:\/\/petitchalet.mkrieg.fr\/wp-content\/uploads\/2021\/09\/iti.png\" alt=\"\"><\/a><\/li><li>La Ferme de Lorette (7km-9mn) <a href=\"https:\/\/www.google.fr\/maps\/dir\/1288+Route+de+Th%C3%B4nes,+Dingy-Saint-Clair\/Fromagerie+La+Ferme+de+Lorette,+Avenue+d'Annecy,+Th%C3%B4nes\/@45.8987154,6.225315,13z\/data=!3m2!4b1!5s0x478bf2b1b3afded9:0xdd21322f642d5d27!4m14!4m13!1m5!1m1!1s0x478b8d9525cd42b3:0x83819dd232c104a5!2m2!1d6.2327827!2d45.9036131!1m5!1m1!1s0x478bf2a4961dea59:0x20d73cc45429aaf2!2m2!1d6.3109677!2d45.8905193!3e0\"><img loading=\"lazy\" decoding=\"async\" width=\"45\" height=\"27\" class=\"wp-image-55\" style=\"width: 45px;\" src=\"http:\/\/petitchalet.mkrieg.fr\/wp-content\/uploads\/2021\/09\/iti.png\" alt=\"\"><\/a><\/li><li><a href=\"http:\/\/www.fruitieres-chabert.com\/\">Fruiti\u00e8re Chabert<\/a> Annecy le Vieux <a href=\"https:\/\/www.google.fr\/maps\/dir\/1288+Route+de+Th%C3%B4nes,+Dingy-Saint-Clair\/Centre+commercial+Courier,+Rue+Carnot,+Annecy\/@45.9182266,6.0874548,12z\/data=!3m2!4b1!5s0x478bf2b1b3afded9:0xdd21322f642d5d27!4m14!4m13!1m5!1m1!1s0x478b8d9525cd42b3:0x83819dd232c104a5!2m2!1d6.2327827!2d45.9036131!1m5!1m1!1s0x478b8ff6f8fa5ddd:0xd0cd2d02d99ad8c6!2m2!1d6.1234135!2d45.9039971!3e0\"><img loading=\"lazy\" decoding=\"async\" width=\"45\" height=\"27\" class=\"wp-image-55\" style=\"width: 45px;\" src=\"http:\/\/petitchalet.mkrieg.fr\/wp-content\/uploads\/2021\/09\/iti.png\" alt=\"\"><\/a><\/li><\/ul>\n\n\n\n<div class=\"wp-block-image\"><figure class=\"aligncenter size-full\"><img loading=\"lazy\" decoding=\"async\" width=\"150\" height=\"150\" src=\"http:\/\/petitchalet.mkrieg.fr\/wp-content\/uploads\/2021\/09\/farto-150x150-1.png\" alt=\"\" class=\"wp-image-13\"\/><figcaption>le Farto &#8211; Thones<\/figcaption><\/figure><\/div>\n","protected":false},"excerpt":{"rendered":"<p>Pour le pain : Le Marmiton \u00e0 Dingy propose un d\u00e9p\u00f4t de pain, il fait aussi petite \u00e9picerie La boulangerie des Aravis en direction de Th\u00f4nes (6km-9mn) Boulangerie Neveux (6km-8min)&nbsp; d\u2019Annecy le Vieux en direction d\u2019Annecy Pour les courses : Le Carrefour Market \u00e0 Th\u00f4nes. (9km-13min) L\u2019essentiel pour l\u2019alimentaire. Le Carrefour \u00e0 Annecy (12km-15min), plus &hellip; <\/p>\n<p><a class=\"more-link btn\" href=\"http:\/\/petitchalet.mkrieg.fr\/index.php\/ou-faire-ses-courses\/\">Lire la suite<\/a><\/p>\n","protected":false},"author":1,"featured_media":0,"parent":0,"menu_order":0,"comment_status":"closed","ping_status":"closed","template":"","meta":{"footnotes":""},"class_list":["post-98","page","type-page","status-publish","hentry","nodate","item-wrap"],"_links":{"self":[{"href":"http:\/\/petitchalet.mkrieg.fr\/index.php\/wp-json\/wp\/v2\/pages\/98","targetHints":{"allow":["GET"]}}],"collection":[{"href":"http:\/\/petitchalet.mkrieg.fr\/index.php\/wp-json\/wp\/v2\/pages"}],"about":[{"href":"http:\/\/petitchalet.mkrieg.fr\/index.php\/wp-json\/wp\/v2\/types\/page"}],"author":[{"embeddable":true,"href":"http:\/\/petitchalet.mkrieg.fr\/index.php\/wp-json\/wp\/v2\/users\/1"}],"replies":[{"embeddable":true,"href":"http:\/\/petitchalet.mkrieg.fr\/index.php\/wp-json\/wp\/v2\/comments?post=98"}],"version-history":[{"count":12,"href":"http:\/\/petitchalet.mkrieg.fr\/index.php\/wp-json\/wp\/v2\/pages\/98\/revisions"}],"predecessor-version":[{"id":231,"href":"http:\/\/petitchalet.mkrieg.fr\/index.php\/wp-json\/wp\/v2\/pages\/98\/revisions\/231"}],"wp:attachment":[{"href":"http:\/\/petitchalet.mkrieg.fr\/index.php\/wp-json\/wp\/v2\/media?parent=98"}],"curies":[{"name":"wp","href":"https:\/\/api.w.org\/{rel}","templated":true}]}}